{"id":2110,"date":"2023-04-08T00:06:41","date_gmt":"2023-04-08T00:06:41","guid":{"rendered":"https:\/\/www.californiaclubs.es\/?page_id=2110"},"modified":"2023-04-13T13:27:34","modified_gmt":"2023-04-13T13:27:34","slug":"privacidad","status":"publish","type":"page","link":"https:\/\/www.californiaclubs.es\/en\/privacidad\/","title":{"rendered":"Privacy"},"content":{"rendered":"<div data-elementor-type=\"wp-page\" data-elementor-id=\"2110\" class=\"elementor elementor-2110\" data-elementor-post-type=\"page\">\n\t\t\t\t<div class=\"elementor-element elementor-element-b00884a e-flex e-con-boxed e-con e-parent\" data-id=\"b00884a\" data-element_type=\"container\">\n\t\t\t\t\t<div class=\"e-con-inner\">\n\t\t\t\t<div class=\"elementor-element elementor-element-f305d40 elementor-widget elementor-widget-text-editor\" data-id=\"f305d40\" data-element_type=\"widget\" data-widget_type=\"text-editor.default\">\n\t\t\t\t<div class=\"elementor-widget-container\">\n\t\t\t<style>\/*! elementor - v3.23.0 - 05-08-2024 *\/\n.elementor-widget-text-editor.elementor-drop-cap-view-stacked .elementor-drop-cap{background-color:#69727d;color:#fff}.elementor-widget-text-editor.elementor-drop-cap-view-framed .elementor-drop-cap{color:#69727d;border:3px solid;background-color:transparent}.elementor-widget-text-editor:not(.elementor-drop-cap-view-default) .elementor-drop-cap{margin-top:8px}.elementor-widget-text-editor:not(.elementor-drop-cap-view-default) .elementor-drop-cap-letter{width:1em;height:1em}.elementor-widget-text-editor .elementor-drop-cap{float:left;text-align:center;line-height:1;font-size:50px}.elementor-widget-text-editor .elementor-drop-cap-letter{display:inline-block}<\/style>\t\t\t\t<p class=\"p1\">Protecci\u00f3n de datos de car\u00e1cter personal seg\u00fan el RGPD<\/p><p class=\"p1\">California Club, en aplicaci\u00f3n de la normativa vigente en materia de protecci\u00f3n de datos de car\u00e1cter personal, informa que los datos personales que se<\/p><p class=\"p1\">recogen a trav\u00e9s de los formularios del sitio web: californiaclub.es, se incluyen en los ficheros automatizados espec\u00edficos de usuarios de los servicios de California Club.<\/p><p class=\"p1\">La recogida y tratamiento automatizado de los datos de car\u00e1cter personal tiene como finalidad el mantenimiento de la relaci\u00f3n comercial y el desempe\u00f1o de<\/p><p class=\"p1\">tareas de informaci\u00f3n, formaci\u00f3n, asesoramiento y otras actividades propias de California Club.<\/p><p class=\"p1\">Estos datos \u00fanicamente ser\u00e1n cedidos a aquellas entidades que sean necesarias con el \u00fanico objetivo de dar cumplimiento a la finalidad anteriormente<\/p><p class=\"p1\">expuesta.<\/p><p class=\"p1\">California Club adopta las medias necesarias para garantizar la seguridad, integridad y confidencialidad de los datos conforme a lo dispuesto en el Reglamento (UE) 2016\/679 del Parlamento Europeo y del Consejo, de 27 de abril de 2016, relativo a la protecci\u00f3n de las personas f\u00edsicas en lo que respecta al<\/p><p class=\"p1\">tratamiento de datos personales y a la libre circulaci\u00f3n de los mismos.<\/p><p class=\"p1\">El usuario podr\u00e1 en cualquier momento ejercitar los derechos de acceso, oposici\u00f3n, rectificaci\u00f3n, cancelaci\u00f3n, limitaci\u00f3n y portabilidad reconocidos en el citado<\/p><p class=\"p1\">Reglamento (UE). El ejercicio de estos derechos puede realizarlo el propio usuario o en la direcci\u00f3n:<br \/><br \/>Centro Comercial, local 8<br \/>29602 Marbella<\/p><p class=\"p1\">Legitimaci\u00f3n:<\/p><p class=\"p1\">El consentimiento libre, especifico, informado e inequ\u00edvoco, en tanto que te informamos poniendo a tu disposici\u00f3n la presente pol\u00edtica de privacidad, que tras la lectura de la misma, en caso de estar conforme, puedes aceptar mediante una declaraci\u00f3n o una clara acci\u00f3n afirmativa, como el marcado de una casilla<\/p><p class=\"p1\">dispuesta al efecto.<\/p><p class=\"p1\">Destinatarios:<\/p><p class=\"p1\">Los datos no se comunicar\u00e1n a ning\u00fan tercero ajeno a California Club, salvo obligaci\u00f3n legal.<\/p><p class=\"p1\">Retenci\u00f3n de datos en conformidad a la LSSI<\/p><p class=\"p1\">California Club informa de que, como prestador de servicio de alojamiento de datos y en virtud de lo establecido en la Ley 34\/2002 de 11 de julio de Servicios de la Sociedad de la Informaci\u00f3n y de Comercio Electr\u00f3nico (LSSI), retiene por un periodo m\u00e1ximo de 12 mess la informaci\u00f3n imprescindible para<\/p><p class=\"p1\">identificar el origen de los datos alojados y el momento en que se inici\u00f3 la prestaci\u00f3n del servicio.<span class=\"Apple-converted-space\">\u00a0<\/span><\/p><p class=\"p1\">La retenci\u00f3n de estos datos no afecta al secreto de las<\/p><p class=\"p1\">comunicaciones y s\u00f3lo podr\u00e1n ser utilizados en el marco de una investigaci\u00f3n criminal o para la salvaguardia de la seguridad p\u00fablica, poni\u00e9ndose a disposici\u00f3n de los jueces y\/o tribunales o del Ministerio que as\u00ed los requiera.<\/p><p class=\"p1\">La comunicaci\u00f3n de datos a las Fuerzas y Cuerpos del Estado se har\u00e1 en virtud a lo dispuesto en la normativa sobre protecci\u00f3n de datos personales.<\/p><p class=\"p1\">Derechos propiedad intelectual californiaclub.es<\/p><p class=\"p1\">California Club es titular de todos los derechos de autor, propiedad intelectual, industrial, \u00abknow how\u00bb y cuantos otros derechos guardan relaci\u00f3n con los contenidos del sitio web californiaclub.es y los servicios ofertados en el mismo, as\u00ed como de los programas necesarios para su implementaci\u00f3n y la informaci\u00f3n relacionada.<\/p><p class=\"p1\">No se permite la reproducci\u00f3n, publicaci\u00f3n y\/o uso no estrictamente privado de los contenidos, totales o parciales, del sitio web california.club sin el consentimiento previo y por escrito.<\/p><p class=\"p1\">Propiedad intelectual de los contenidos alojados<\/p><p class=\"p1\">Se prohibe el uso contrario a la legislaci\u00f3n sobre propiedad intelectual de los servicios prestados por California Club y, en particular de:<\/p><p class=\"p1\">La utilizaci\u00f3n que resulte contraria a las eyes espa\u00f1olas o que infrinja los derechos de terceros.<\/p><p class=\"p1\">La publicaci\u00f3n o la transmisi\u00f3n de cualquier contenido que, a juicio de California Club, resulte violento, obsceno, abusivo, ilegal, racial, xen\u00f3fobo o difamatorio.<\/p><p class=\"p1\">Los cracks, n\u00fameros de serie de programas o cualquier otro contenido que vulnere derechos de la propiedad intelectual de terceros.<\/p><p class=\"p1\">La recogida y\/o utilizaci\u00f3n de datos personales de otros usuarios sin su consentimiento expreso o contraviniendo lo dispuesto en el Reglamento (UE) 2016\/679 del Parlamento Europe y del Consejo, de 27 de abril de 2016, relativo a la protecci\u00f3n de las personas f\u00edsicas en lo que respecta al tratamiento de datos personales y a la libre circulaci\u00f3n de los mismos.<\/p><p class=\"p1\">El usuario tiene toda la responsabilidad sobre el contenido de su web, la informaci\u00f3n transmitida y almacenada, los enlaces de hipertexto, las reivindicaciones de terceros y las acciones legales en referencia a propiedad intelectual, derechos de terceros y protecci\u00f3n de menores.<\/p><p class=\"p1\">El usuario es responsable respecto a las leyes y reglamentos en vigor y las reglas que tienen que ver con el funcionamiento del servicio online, comercio electr\u00f3nico, derechos de autor, mantenimiento del orden p\u00fablico, as\u00ed como principios universales de uso de Internet.<\/p><p class=\"p1\">El usuario indemnizar\u00e1 a California Club por los gastos que generara la imputaci\u00f3n de California Club en alguna causa cuya responsabilidad fuera atribuible al usuario, incluidos honorarios y gastos de defensa jur\u00eddica, incluso en el caso de una decisi\u00f3n judicial no definitiva.<\/p>\t\t\t\t\t\t<\/div>\n\t\t\t\t<\/div>\n\t\t\t\t\t<\/div>\n\t\t\t\t<\/div>\n\t\t\t\t<\/div>","protected":false},"excerpt":{"rendered":"<p>Protecci\u00f3n de datos de car\u00e1cter personal seg\u00fan el RGPD California Club, en aplicaci\u00f3n de la normativa vigente en materia de protecci\u00f3n de datos de car\u00e1cter personal, informa que los datos personales que se recogen a trav\u00e9s de los formularios del sitio web: californiaclub.es, se incluyen en los ficheros automatizados espec\u00edficos de usuarios de los servicios [&hellip;]<\/p>","protected":false},"author":5,"featured_media":0,"parent":0,"menu_order":0,"comment_status":"closed","ping_status":"closed","template":"","meta":{"_monsterinsights_skip_tracking":false,"_monsterinsights_sitenote_active":false,"_monsterinsights_sitenote_note":"","_monsterinsights_sitenote_category":0,"footnotes":""},"class_list":["post-2110","page","type-page","status-publish","hentry"],"aioseo_notices":[],"yoast_head":"<!-- This site is optimized with the Yoast SEO plugin v23.3 - https:\/\/yoast.com\/wordpress\/plugins\/seo\/ -->\n<title>Privacidad - California&#039;s<\/title>\n<meta name=\"robots\" content=\"index, follow, max-snippet:-1, max-image-preview:large, max-video-preview:-1\" \/>\n<link rel=\"canonical\" href=\"https:\/\/www.californiaclubs.es\/en\/privacidad\/\" \/>\n<meta property=\"og:locale\" content=\"en_US\" \/>\n<meta property=\"og:type\" content=\"article\" \/>\n<meta property=\"og:title\" content=\"Privacidad - California&#039;s\" \/>\n<meta property=\"og:description\" content=\"Protecci\u00f3n de datos de car\u00e1cter personal seg\u00fan el RGPD California Club, en aplicaci\u00f3n de la normativa vigente en materia de protecci\u00f3n de datos de car\u00e1cter personal, informa que los datos personales que se recogen a trav\u00e9s de los formularios del sitio web: californiaclub.es, se incluyen en los ficheros automatizados espec\u00edficos de usuarios de los servicios [&hellip;]\" \/>\n<meta property=\"og:url\" content=\"https:\/\/www.californiaclubs.es\/en\/privacidad\/\" \/>\n<meta property=\"og:site_name\" content=\"California&#039;s\" \/>\n<meta property=\"article:modified_time\" content=\"2023-04-13T13:27:34+00:00\" \/>\n<meta name=\"twitter:card\" content=\"summary_large_image\" \/>\n<meta name=\"twitter:label1\" content=\"Est. reading time\" \/>\n\t<meta name=\"twitter:data1\" content=\"4 minutes\" \/>\n<script type=\"application\/ld+json\" class=\"yoast-schema-graph\">{\"@context\":\"https:\/\/schema.org\",\"@graph\":[{\"@type\":\"WebPage\",\"@id\":\"https:\/\/www.californiaclubs.es\/privacidad\/\",\"url\":\"https:\/\/www.californiaclubs.es\/privacidad\/\",\"name\":\"Privacidad - California&#039;s\",\"isPartOf\":{\"@id\":\"https:\/\/www.californiaclubs.es\/#website\"},\"datePublished\":\"2023-04-08T00:06:41+00:00\",\"dateModified\":\"2023-04-13T13:27:34+00:00\",\"breadcrumb\":{\"@id\":\"https:\/\/www.californiaclubs.es\/privacidad\/#breadcrumb\"},\"inLanguage\":\"en-US\",\"potentialAction\":[{\"@type\":\"ReadAction\",\"target\":[\"https:\/\/www.californiaclubs.es\/privacidad\/\"]}]},{\"@type\":\"BreadcrumbList\",\"@id\":\"https:\/\/www.californiaclubs.es\/privacidad\/#breadcrumb\",\"itemListElement\":[{\"@type\":\"ListItem\",\"position\":1,\"name\":\"Portada\",\"item\":\"https:\/\/www.californiaclubs.es\/\"},{\"@type\":\"ListItem\",\"position\":2,\"name\":\"Privacidad\"}]},{\"@type\":\"WebSite\",\"@id\":\"https:\/\/www.californiaclubs.es\/#website\",\"url\":\"https:\/\/www.californiaclubs.es\/\",\"name\":\"California&#039;s\",\"description\":\"\",\"potentialAction\":[{\"@type\":\"SearchAction\",\"target\":{\"@type\":\"EntryPoint\",\"urlTemplate\":\"https:\/\/www.californiaclubs.es\/?s={search_term_string}\"},\"query-input\":\"required name=search_term_string\"}],\"inLanguage\":\"en-US\"}]}<\/script>\n<!-- \/ Yoast SEO plugin. -->","yoast_head_json":{"title":"Privacidad - California&#039;s","robots":{"index":"index","follow":"follow","max-snippet":"max-snippet:-1","max-image-preview":"max-image-preview:large","max-video-preview":"max-video-preview:-1"},"canonical":"https:\/\/www.californiaclubs.es\/en\/privacidad\/","og_locale":"en_US","og_type":"article","og_title":"Privacidad - California&#039;s","og_description":"Protecci\u00f3n de datos de car\u00e1cter personal seg\u00fan el RGPD California Club, en aplicaci\u00f3n de la normativa vigente en materia de protecci\u00f3n de datos de car\u00e1cter personal, informa que los datos personales que se recogen a trav\u00e9s de los formularios del sitio web: californiaclub.es, se incluyen en los ficheros automatizados espec\u00edficos de usuarios de los servicios [&hellip;]","og_url":"https:\/\/www.californiaclubs.es\/en\/privacidad\/","og_site_name":"California&#039;s","article_modified_time":"2023-04-13T13:27:34+00:00","twitter_card":"summary_large_image","twitter_misc":{"Est. reading time":"4 minutes"},"schema":{"@context":"https:\/\/schema.org","@graph":[{"@type":"WebPage","@id":"https:\/\/www.californiaclubs.es\/privacidad\/","url":"https:\/\/www.californiaclubs.es\/privacidad\/","name":"Privacidad - California&#039;s","isPartOf":{"@id":"https:\/\/www.californiaclubs.es\/#website"},"datePublished":"2023-04-08T00:06:41+00:00","dateModified":"2023-04-13T13:27:34+00:00","breadcrumb":{"@id":"https:\/\/www.californiaclubs.es\/privacidad\/#breadcrumb"},"inLanguage":"en-US","potentialAction":[{"@type":"ReadAction","target":["https:\/\/www.californiaclubs.es\/privacidad\/"]}]},{"@type":"BreadcrumbList","@id":"https:\/\/www.californiaclubs.es\/privacidad\/#breadcrumb","itemListElement":[{"@type":"ListItem","position":1,"name":"Portada","item":"https:\/\/www.californiaclubs.es\/"},{"@type":"ListItem","position":2,"name":"Privacidad"}]},{"@type":"WebSite","@id":"https:\/\/www.californiaclubs.es\/#website","url":"https:\/\/www.californiaclubs.es\/","name":"California&#039;s","description":"","potentialAction":[{"@type":"SearchAction","target":{"@type":"EntryPoint","urlTemplate":"https:\/\/www.californiaclubs.es\/?s={search_term_string}"},"query-input":"required name=search_term_string"}],"inLanguage":"en-US"}]}},"_links":{"self":[{"href":"https:\/\/www.californiaclubs.es\/en\/wp-json\/wp\/v2\/pages\/2110"}],"collection":[{"href":"https:\/\/www.californiaclubs.es\/en\/wp-json\/wp\/v2\/pages"}],"about":[{"href":"https:\/\/www.californiaclubs.es\/en\/wp-json\/wp\/v2\/types\/page"}],"author":[{"embeddable":true,"href":"https:\/\/www.californiaclubs.es\/en\/wp-json\/wp\/v2\/users\/5"}],"replies":[{"embeddable":true,"href":"https:\/\/www.californiaclubs.es\/en\/wp-json\/wp\/v2\/comments?post=2110"}],"version-history":[{"count":8,"href":"https:\/\/www.californiaclubs.es\/en\/wp-json\/wp\/v2\/pages\/2110\/revisions"}],"predecessor-version":[{"id":3051,"href":"https:\/\/www.californiaclubs.es\/en\/wp-json\/wp\/v2\/pages\/2110\/revisions\/3051"}],"wp:attachment":[{"href":"https:\/\/www.californiaclubs.es\/en\/wp-json\/wp\/v2\/media?parent=2110"}],"curies":[{"name":"wp","href":"https:\/\/api.w.org\/{rel}","templated":true}]}}